{"id":2125,"date":"2021-12-14T14:39:44","date_gmt":"2021-12-14T13:39:44","guid":{"rendered":"https:\/\/fair-alpha.org\/press\/"},"modified":"2023-04-21T07:20:26","modified_gmt":"2023-04-21T06:20:26","slug":"news","status":"publish","type":"page","link":"https:\/\/fair-alpha.org\/en\/news\/","title":{"rendered":"News"},"content":{"rendered":"<p>[et_pb_section fb_built=&#8221;1&#8243; _builder_version=&#8221;4.16&#8243; _module_preset=&#8221;default&#8221; custom_padding=&#8221;||0px||false|false&#8221; global_colors_info=&#8221;{}&#8221;][et_pb_row _builder_version=&#8221;4.16&#8243; _module_preset=&#8221;default&#8221; custom_padding=&#8221;||0px|||&#8221; global_colors_info=&#8221;{}&#8221;][et_pb_column type=&#8221;4_4&#8243; _builder_version=&#8221;4.16&#8243; _module_preset=&#8221;default&#8221; global_colors_info=&#8221;{}&#8221;][et_pb_text _builder_version=&#8221;4.16&#8243; _module_preset=&#8221;default&#8221; header_font_size=&#8221;57px&#8221; global_colors_info=&#8221;{}&#8221;]<\/p>\n<h1>News<\/h1>\n<p>[\/et_pb_text][et_pb_code _builder_version=&#8221;4.16&#8243; _module_preset=&#8221;default&#8221; background_image=&#8221;https:\/\/fair-alpha.org\/wp-content\/uploads\/2021\/12\/mountains-6570810-scaled.jpg&#8221; min_height=&#8221;500px&#8221; min_height_tablet=&#8221;330px&#8221; min_height_phone=&#8221;200px&#8221; min_height_last_edited=&#8221;on|phone&#8221; custom_margin=&#8221;||58px|||&#8221; global_colors_info=&#8221;{}&#8221;][\/et_pb_code][\/et_pb_column][\/et_pb_row][et_pb_row column_structure=&#8221;1_3,1_3,1_3&#8243; _builder_version=&#8221;4.17.6&#8243; _module_preset=&#8221;default&#8221; global_colors_info=&#8221;{}&#8221;][et_pb_column type=&#8221;1_3&#8243; _builder_version=&#8221;4.17.6&#8243; _module_preset=&#8221;default&#8221; global_colors_info=&#8221;{}&#8221;][et_pb_blog fullwidth=&#8221;off&#8221; posts_number=&#8221;1&#8243; include_categories=&#8221;60&#8243; excerpt_length=&#8221;300&#8243; show_more=&#8221;on&#8221; show_author=&#8221;off&#8221; show_categories=&#8221;off&#8221; _builder_version=&#8221;4.17.6&#8243; _module_preset=&#8221;default&#8221; global_colors_info=&#8221;{}&#8221;][\/et_pb_blog][\/et_pb_column][et_pb_column type=&#8221;1_3&#8243; _builder_version=&#8221;4.17.6&#8243; _module_preset=&#8221;default&#8221; global_colors_info=&#8221;{}&#8221;][et_pb_blog fullwidth=&#8221;off&#8221; posts_number=&#8221;1&#8243; include_categories=&#8221;63&#8243; show_more=&#8221;on&#8221; show_author=&#8221;off&#8221; show_categories=&#8221;off&#8221; show_pagination=&#8221;off&#8221; _builder_version=&#8221;4.17.6&#8243; _module_preset=&#8221;default&#8221; global_colors_info=&#8221;{}&#8221;][\/et_pb_blog][\/et_pb_column][et_pb_column type=&#8221;1_3&#8243; _builder_version=&#8221;4.17.6&#8243; _module_preset=&#8221;default&#8221; global_colors_info=&#8221;{}&#8221;][et_pb_blog fullwidth=&#8221;off&#8221; posts_number=&#8221;1&#8243; include_categories=&#8221;64&#8243; show_more=&#8221;on&#8221; show_author=&#8221;off&#8221; show_categories=&#8221;off&#8221; _builder_version=&#8221;4.17.6&#8243; _module_preset=&#8221;default&#8221; global_colors_info=&#8221;{}&#8221;][\/et_pb_blog][\/et_pb_column][\/et_pb_row][\/et_pb_section][et_pb_section fb_built=&#8221;1&#8243; _builder_version=&#8221;4.17.6&#8243; _module_preset=&#8221;default&#8221; custom_padding=&#8221;45px|||||&#8221; global_colors_info=&#8221;{}&#8221;][et_pb_row column_structure=&#8221;1_4,1_4,1_4,1_4&#8243; _builder_version=&#8221;4.17.6&#8243; _module_preset=&#8221;default&#8221; global_colors_info=&#8221;{}&#8221;][et_pb_column type=&#8221;1_4&#8243; _builder_version=&#8221;4.17.6&#8243; _module_preset=&#8221;default&#8221; global_colors_info=&#8221;{}&#8221;][et_pb_text _builder_version=&#8221;4.17.6&#8243; _module_preset=&#8221;default&#8221; header_text_align=&#8221;center&#8221; header_text_color=&#8221;#FFFFFF&#8221; background_color=&#8221;#001E40&#8243; global_colors_info=&#8221;{}&#8221;]<\/p>\n<h1>All<\/h1>\n<p>[\/et_pb_text][\/et_pb_column][et_pb_column type=&#8221;1_4&#8243; _builder_version=&#8221;4.17.6&#8243; _module_preset=&#8221;default&#8221; global_colors_info=&#8221;{}&#8221;][et_pb_text _builder_version=&#8221;4.17.6&#8243; _module_preset=&#8221;default&#8221; header_text_align=&#8221;center&#8221; header_text_color=&#8221;#FFFFFF&#8221; background_color=&#8221;#001E40&#8243; global_colors_info=&#8221;{}&#8221;]<\/p>\n<h1>Crypto<\/h1>\n<p>[\/et_pb_text][\/et_pb_column][et_pb_column type=&#8221;1_4&#8243; _builder_version=&#8221;4.17.6&#8243; _module_preset=&#8221;default&#8221; global_colors_info=&#8221;{}&#8221;][et_pb_text _builder_version=&#8221;4.17.6&#8243; _module_preset=&#8221;default&#8221; header_text_align=&#8221;center&#8221; header_text_color=&#8221;#FFFFFF&#8221; background_color=&#8221;#001E40&#8243; global_colors_info=&#8221;{}&#8221;]<\/p>\n<h1>Luxembourg<\/h1>\n<p>[\/et_pb_text][\/et_pb_column][et_pb_column type=&#8221;1_4&#8243; _builder_version=&#8221;4.17.6&#8243; _module_preset=&#8221;default&#8221; global_colors_info=&#8221;{}&#8221;][et_pb_text _builder_version=&#8221;4.17.6&#8243; _module_preset=&#8221;default&#8221; header_text_align=&#8221;center&#8221; header_text_color=&#8221;#FFFFFF&#8221; background_color=&#8221;#001E40&#8243; global_colors_info=&#8221;{}&#8221;]<\/p>\n<h1>Sustainable<\/h1>\n<p>[\/et_pb_text][\/et_pb_column][\/et_pb_row][et_pb_row column_structure=&#8221;1_4,1_4,1_4,1_4&#8243; _builder_version=&#8221;4.17.6&#8243; _module_preset=&#8221;default&#8221; global_colors_info=&#8221;{}&#8221;][et_pb_column type=&#8221;1_4&#8243; _builder_version=&#8221;4.17.6&#8243; _module_preset=&#8221;default&#8221; global_colors_info=&#8221;{}&#8221;][et_pb_blog posts_number=&#8221;3&#8243; include_categories=&#8221;51&#8243; show_thumbnail=&#8221;off&#8221; use_manual_excerpt=&#8221;off&#8221; show_more=&#8221;on&#8221; show_author=&#8221;off&#8221; show_categories=&#8221;off&#8221; show_excerpt=&#8221;off&#8221; _builder_version=&#8221;4.20.4&#8243; _module_preset=&#8221;default&#8221; custom_margin=&#8221;|-35px|||false|false&#8221; custom_padding=&#8221;|5px|||false|false&#8221; hover_enabled=&#8221;0&#8243; border_width_right_fullwidth=&#8221;1px&#8221; border_color_right_fullwidth=&#8221;#001E40&#8243; global_colors_info=&#8221;{}&#8221; meta_font_size=&#8221;14px&#8221; header_font_size=&#8221;17px&#8221; sticky_enabled=&#8221;0&#8243;][\/et_pb_blog][\/et_pb_column][et_pb_column type=&#8221;1_4&#8243; _builder_version=&#8221;4.17.6&#8243; _module_preset=&#8221;default&#8221; global_colors_info=&#8221;{}&#8221;][et_pb_blog posts_number=&#8221;3&#8243; include_categories=&#8221;54&#8243; show_thumbnail=&#8221;off&#8221; use_manual_excerpt=&#8221;off&#8221; show_more=&#8221;on&#8221; show_author=&#8221;off&#8221; show_categories=&#8221;off&#8221; show_excerpt=&#8221;off&#8221; _builder_version=&#8221;4.20.4&#8243; _module_preset=&#8221;default&#8221; custom_margin=&#8221;|-35px|||false|false&#8221; custom_padding=&#8221;|5px|||false|false&#8221; hover_enabled=&#8221;0&#8243; border_width_right_fullwidth=&#8221;1px&#8221; border_color_right_fullwidth=&#8221;#001E40&#8243; global_colors_info=&#8221;{}&#8221; header_font_size=&#8221;17px&#8221; sticky_enabled=&#8221;0&#8243;][\/et_pb_blog][\/et_pb_column][et_pb_column type=&#8221;1_4&#8243; _builder_version=&#8221;4.17.6&#8243; _module_preset=&#8221;default&#8221; global_colors_info=&#8221;{}&#8221;][et_pb_blog posts_number=&#8221;3&#8243; include_categories=&#8221;56&#8243; show_thumbnail=&#8221;off&#8221; use_manual_excerpt=&#8221;off&#8221; show_more=&#8221;on&#8221; show_author=&#8221;off&#8221; show_categories=&#8221;off&#8221; show_excerpt=&#8221;off&#8221; _builder_version=&#8221;4.20.4&#8243; _module_preset=&#8221;default&#8221; custom_margin=&#8221;|-33px|||false|false&#8221; custom_padding=&#8221;|0px|||false|false&#8221; hover_enabled=&#8221;0&#8243; border_width_right_fullwidth=&#8221;1px&#8221; global_colors_info=&#8221;{}&#8221; header_font_size=&#8221;17px&#8221; sticky_enabled=&#8221;0&#8243;][\/et_pb_blog][\/et_pb_column][et_pb_column type=&#8221;1_4&#8243; _builder_version=&#8221;4.17.6&#8243; _module_preset=&#8221;default&#8221; global_colors_info=&#8221;{}&#8221;][et_pb_blog posts_number=&#8221;3&#8243; include_categories=&#8221;58&#8243; show_thumbnail=&#8221;off&#8221; use_manual_excerpt=&#8221;off&#8221; show_more=&#8221;on&#8221; show_author=&#8221;off&#8221; show_categories=&#8221;off&#8221; show_excerpt=&#8221;off&#8221; _builder_version=&#8221;4.20.4&#8243; _module_preset=&#8221;default&#8221; hover_enabled=&#8221;0&#8243; global_colors_info=&#8221;{}&#8221; header_font_size=&#8221;17px&#8221; sticky_enabled=&#8221;0&#8243;][\/et_pb_blog][\/et_pb_column][\/et_pb_row][\/et_pb_section]<\/p>\n","protected":false},"excerpt":{"rendered":"<p>NewsAllCryptoLuxembourgSustainable<\/p>\n","protected":false},"author":5,"featured_media":0,"parent":0,"menu_order":0,"comment_status":"closed","ping_status":"closed","template":"","meta":{"_et_pb_use_builder":"on","_et_pb_old_content":"","_et_gb_content_width":"","_monsterinsights_skip_tracking":false,"_monsterinsights_sitenote_active":false,"_monsterinsights_sitenote_note":"","_monsterinsights_sitenote_category":0,"footnotes":""},"class_list":["post-2125","page","type-page","status-publish","hentry"],"yoast_head":"<!-- This site is optimized with the Yoast SEO plugin v27.4 - https:\/\/yoast.com\/product\/yoast-seo-wordpress\/ -->\n<title>News - FAIR ALPHA Services SA<\/title>\n<meta name=\"description\" content=\"FAIR ALPHA on point ... Wir bieten innovative, ma\u00dfgeschneiderte und zuverl\u00e4ssige Finanzmarktl\u00f6sungen f\u00fcr institutionelle Kunden.\" \/>\n<meta name=\"robots\" content=\"index, follow, max-snippet:-1, max-image-preview:large, max-video-preview:-1\" \/>\n<link rel=\"canonical\" href=\"https:\/\/fair-alpha.org\/news\/\" \/>\n<meta property=\"og:locale\" content=\"en_US\" \/>\n<meta property=\"og:type\" content=\"article\" \/>\n<meta property=\"og:title\" content=\"News - FAIR ALPHA Services SA\" \/>\n<meta property=\"og:description\" content=\"FAIR ALPHA on point ... Wir bieten innovative, ma\u00dfgeschneiderte und zuverl\u00e4ssige Finanzmarktl\u00f6sungen f\u00fcr institutionelle Kunden.\" \/>\n<meta property=\"og:url\" content=\"https:\/\/fair-alpha.org\/news\/\" \/>\n<meta property=\"og:site_name\" content=\"FAIR ALPHA Services SA\" \/>\n<meta property=\"article:modified_time\" content=\"2023-04-21T06:20:26+00:00\" \/>\n<meta name=\"twitter:card\" content=\"summary_large_image\" \/>\n<meta name=\"twitter:label1\" content=\"Est. reading time\" \/>\n\t<meta name=\"twitter:data1\" content=\"4 minutes\" \/>\n<script type=\"application\/ld+json\" class=\"yoast-schema-graph\">{\"@context\":\"https:\\\/\\\/schema.org\",\"@graph\":[{\"@type\":\"WebPage\",\"@id\":\"https:\\\/\\\/fair-alpha.org\\\/news\\\/\",\"url\":\"https:\\\/\\\/fair-alpha.org\\\/news\\\/\",\"name\":\"News - FAIR ALPHA Services SA\",\"isPartOf\":{\"@id\":\"https:\\\/\\\/fair-alpha.org\\\/#website\"},\"datePublished\":\"2021-12-14T13:39:44+00:00\",\"dateModified\":\"2023-04-21T06:20:26+00:00\",\"description\":\"FAIR ALPHA on point ... Wir bieten innovative, ma\u00dfgeschneiderte und zuverl\u00e4ssige Finanzmarktl\u00f6sungen f\u00fcr institutionelle Kunden.\",\"breadcrumb\":{\"@id\":\"https:\\\/\\\/fair-alpha.org\\\/news\\\/#breadcrumb\"},\"inLanguage\":\"en-US\",\"potentialAction\":[{\"@type\":\"ReadAction\",\"target\":[\"https:\\\/\\\/fair-alpha.org\\\/news\\\/\"]}]},{\"@type\":\"BreadcrumbList\",\"@id\":\"https:\\\/\\\/fair-alpha.org\\\/news\\\/#breadcrumb\",\"itemListElement\":[{\"@type\":\"ListItem\",\"position\":1,\"name\":\"Startseite\",\"item\":\"https:\\\/\\\/fair-alpha.org\\\/\"},{\"@type\":\"ListItem\",\"position\":2,\"name\":\"News\"}]},{\"@type\":\"WebSite\",\"@id\":\"https:\\\/\\\/fair-alpha.org\\\/#website\",\"url\":\"https:\\\/\\\/fair-alpha.org\\\/\",\"name\":\"FAIR ALPHA Services SA\",\"description\":\"\",\"publisher\":{\"@id\":\"https:\\\/\\\/fair-alpha.org\\\/#organization\"},\"potentialAction\":[{\"@type\":\"SearchAction\",\"target\":{\"@type\":\"EntryPoint\",\"urlTemplate\":\"https:\\\/\\\/fair-alpha.org\\\/?s={search_term_string}\"},\"query-input\":{\"@type\":\"PropertyValueSpecification\",\"valueRequired\":true,\"valueName\":\"search_term_string\"}}],\"inLanguage\":\"en-US\"},{\"@type\":\"Organization\",\"@id\":\"https:\\\/\\\/fair-alpha.org\\\/#organization\",\"name\":\"FAIR ALPHA Services SA\",\"url\":\"https:\\\/\\\/fair-alpha.org\\\/\",\"logo\":{\"@type\":\"ImageObject\",\"inLanguage\":\"en-US\",\"@id\":\"https:\\\/\\\/fair-alpha.org\\\/#\\\/schema\\\/logo\\\/image\\\/\",\"url\":\"https:\\\/\\\/fair-alpha.org\\\/wp-content\\\/uploads\\\/2022\\\/10\\\/Logo_Fair_Alpha_2c.png\",\"contentUrl\":\"https:\\\/\\\/fair-alpha.org\\\/wp-content\\\/uploads\\\/2022\\\/10\\\/Logo_Fair_Alpha_2c.png\",\"width\":1242,\"height\":356,\"caption\":\"FAIR ALPHA Services SA\"},\"image\":{\"@id\":\"https:\\\/\\\/fair-alpha.org\\\/#\\\/schema\\\/logo\\\/image\\\/\"},\"sameAs\":[\"https:\\\/\\\/www.linkedin.com\\\/company\\\/fair-alpha\"]}]}<\/script>\n<!-- \/ Yoast SEO plugin. -->","yoast_head_json":{"title":"News - FAIR ALPHA Services SA","description":"FAIR ALPHA on point ... Wir bieten innovative, ma\u00dfgeschneiderte und zuverl\u00e4ssige Finanzmarktl\u00f6sungen f\u00fcr institutionelle Kunden.","robots":{"index":"index","follow":"follow","max-snippet":"max-snippet:-1","max-image-preview":"max-image-preview:large","max-video-preview":"max-video-preview:-1"},"canonical":"https:\/\/fair-alpha.org\/news\/","og_locale":"en_US","og_type":"article","og_title":"News - FAIR ALPHA Services SA","og_description":"FAIR ALPHA on point ... Wir bieten innovative, ma\u00dfgeschneiderte und zuverl\u00e4ssige Finanzmarktl\u00f6sungen f\u00fcr institutionelle Kunden.","og_url":"https:\/\/fair-alpha.org\/news\/","og_site_name":"FAIR ALPHA Services SA","article_modified_time":"2023-04-21T06:20:26+00:00","twitter_card":"summary_large_image","twitter_misc":{"Est. reading time":"4 minutes"},"schema":{"@context":"https:\/\/schema.org","@graph":[{"@type":"WebPage","@id":"https:\/\/fair-alpha.org\/news\/","url":"https:\/\/fair-alpha.org\/news\/","name":"News - FAIR ALPHA Services SA","isPartOf":{"@id":"https:\/\/fair-alpha.org\/#website"},"datePublished":"2021-12-14T13:39:44+00:00","dateModified":"2023-04-21T06:20:26+00:00","description":"FAIR ALPHA on point ... Wir bieten innovative, ma\u00dfgeschneiderte und zuverl\u00e4ssige Finanzmarktl\u00f6sungen f\u00fcr institutionelle Kunden.","breadcrumb":{"@id":"https:\/\/fair-alpha.org\/news\/#breadcrumb"},"inLanguage":"en-US","potentialAction":[{"@type":"ReadAction","target":["https:\/\/fair-alpha.org\/news\/"]}]},{"@type":"BreadcrumbList","@id":"https:\/\/fair-alpha.org\/news\/#breadcrumb","itemListElement":[{"@type":"ListItem","position":1,"name":"Startseite","item":"https:\/\/fair-alpha.org\/"},{"@type":"ListItem","position":2,"name":"News"}]},{"@type":"WebSite","@id":"https:\/\/fair-alpha.org\/#website","url":"https:\/\/fair-alpha.org\/","name":"FAIR ALPHA Services SA","description":"","publisher":{"@id":"https:\/\/fair-alpha.org\/#organization"},"potentialAction":[{"@type":"SearchAction","target":{"@type":"EntryPoint","urlTemplate":"https:\/\/fair-alpha.org\/?s={search_term_string}"},"query-input":{"@type":"PropertyValueSpecification","valueRequired":true,"valueName":"search_term_string"}}],"inLanguage":"en-US"},{"@type":"Organization","@id":"https:\/\/fair-alpha.org\/#organization","name":"FAIR ALPHA Services SA","url":"https:\/\/fair-alpha.org\/","logo":{"@type":"ImageObject","inLanguage":"en-US","@id":"https:\/\/fair-alpha.org\/#\/schema\/logo\/image\/","url":"https:\/\/fair-alpha.org\/wp-content\/uploads\/2022\/10\/Logo_Fair_Alpha_2c.png","contentUrl":"https:\/\/fair-alpha.org\/wp-content\/uploads\/2022\/10\/Logo_Fair_Alpha_2c.png","width":1242,"height":356,"caption":"FAIR ALPHA Services SA"},"image":{"@id":"https:\/\/fair-alpha.org\/#\/schema\/logo\/image\/"},"sameAs":["https:\/\/www.linkedin.com\/company\/fair-alpha"]}]}},"_links":{"self":[{"href":"https:\/\/fair-alpha.org\/en\/wp-json\/wp\/v2\/pages\/2125","targetHints":{"allow":["GET"]}}],"collection":[{"href":"https:\/\/fair-alpha.org\/en\/wp-json\/wp\/v2\/pages"}],"about":[{"href":"https:\/\/fair-alpha.org\/en\/wp-json\/wp\/v2\/types\/page"}],"author":[{"embeddable":true,"href":"https:\/\/fair-alpha.org\/en\/wp-json\/wp\/v2\/users\/5"}],"replies":[{"embeddable":true,"href":"https:\/\/fair-alpha.org\/en\/wp-json\/wp\/v2\/comments?post=2125"}],"version-history":[{"count":0,"href":"https:\/\/fair-alpha.org\/en\/wp-json\/wp\/v2\/pages\/2125\/revisions"}],"wp:attachment":[{"href":"https:\/\/fair-alpha.org\/en\/wp-json\/wp\/v2\/media?parent=2125"}],"curies":[{"name":"wp","href":"https:\/\/api.w.org\/{rel}","templated":true}]}}